{"id":1994,"date":"2022-12-01T23:20:54","date_gmt":"2022-12-01T23:20:54","guid":{"rendered":"https:\/\/www.magdalenapaszkiewicz.com\/?post_type=product&#038;p=1994"},"modified":"2026-02-15T23:11:41","modified_gmt":"2026-02-15T22:11:41","slug":"quattro-kolczyki-szklo-i-pozlacane-srebro","status":"publish","type":"product","link":"https:\/\/www.magdalenapaszkiewicz.com\/en\/product\/quattro-kolczyki-szklo-i-pozlacane-srebro\/","title":{"rendered":"QUATTRO \/ earrings \/ glass and gold-plated silver"},"content":{"rendered":"<p>The guiding theme of the DROP collection is the search for balance between the irregularity of water and the geometric shapes of ice. The glass used in the collection evokes a drop and its enclosure in a simple yet soft form. It is at once balance and fluidity, delicacy and geometry, water and ice.<\/p>\n<p>The jewellery is made of borosilicate glass and 24-carat gold-plated silver. The glass is shaped by hand in the flames of a burner at a temperature of 900 degrees. It is durable and scratch-resistant.<\/p>\n<p>The jewellery is handmade to order, so the lead time is 2 to 8 working days.<\/p>\n<p>It is possible to order the earring in SILVER.<\/p>\n<p>If you require faster shipping or want to pick up the jewellery personally in \u0141\u00f3d\u017a, please write to\u00a0<a href=\"mailto:kontakt@magdalenapaszkiewicz.com\"><strong>kontakt@magdalenapaszkiewicz.com<\/strong><\/a> or call <a href=\"tel:+48791771671\"><strong>+48\u00a0791\u00a0771\u00a0671<\/strong><\/a><\/p>\n\n    <div class=\"xs_social_share_widget xs_share_url after_content \t\tmain_content  wslu-style-1 wslu-share-box-shaped wslu-fill-colored wslu-none wslu-share-horizontal wslu-theme-font-no wslu-main_content\">\n\n\t\t\n        <ul>\n\t\t\t        <\/ul>\n    <\/div>","protected":false},"excerpt":{"rendered":"<p>&nbsp;<\/p>\n<p>- handmade earrings with glass elements approximately 1.8 cm long<br \/>\n- the jewellery is made of silver plated with 24 carat gold<br \/>\n- the earrings have classic butterfly clasps<\/p>\n<p>&nbsp;<\/p>","protected":false},"featured_media":1995,"template":"","meta":{"site-sidebar-layout":"default","site-content-layout":"default","ast-site-content-layout":"default","site-content-style":"default","site-sidebar-style":"default","ast-global-header-display":"","ast-banner-title-visibility":"","ast-main-header-display":"","ast-hfb-above-header-display":"","ast-hfb-below-header-display":"","ast-hfb-mobile-header-display":"","site-post-title":"","ast-breadcrumbs-content":"","ast-featured-img":"","footer-sml-layout":"","ast-disable-related-posts":"","theme-transparent-header-meta":"default","adv-header-id-meta":"","stick-header-meta":"default","header-above-stick-meta":"","header-main-stick-meta":"","header-below-stick-meta":"","astra-migrate-meta-layouts":"set","ast-page-background-enabled":"default","ast-page-background-meta":{"desktop":{"background-color":"","background-image":"","background-repeat":"repeat","background-position":"center center","background-size":"auto","background-attachment":"scroll","background-type":"","background-media":"","overlay-type":"","overlay-color":"","overlay-opacity":"","overlay-gradient":""},"tablet":{"background-color":"","background-image":"","background-repeat":"repeat","background-position":"center center","background-size":"auto","background-attachment":"scroll","background-type":"","background-media":"","overlay-type":"","overlay-color":"","overlay-opacity":"","overlay-gradient":""},"mobile":{"background-color":"","background-image":"","background-repeat":"repeat","background-position":"center center","background-size":"auto","background-attachment":"scroll","background-type":"","background-media":"","overlay-type":"","overlay-color":"","overlay-opacity":"","overlay-gradient":""}},"ast-content-background-meta":{"desktop":{"background-color":"var(--ast-global-color-5)","background-image":"","background-repeat":"repeat","background-position":"center center","background-size":"auto","background-attachment":"scroll","background-type":"","background-media":"","overlay-type":"","overlay-color":"","overlay-opacity":"","overlay-gradient":""},"tablet":{"background-color":"var(--ast-global-color-5)","background-image":"","background-repeat":"repeat","background-position":"center center","background-size":"auto","background-attachment":"scroll","background-type":"","background-media":"","overlay-type":"","overlay-color":"","overlay-opacity":"","overlay-gradient":""},"mobile":{"background-color":"var(--ast-global-color-5)","background-image":"","background-repeat":"repeat","background-position":"center center","background-size":"auto","background-attachment":"scroll","background-type":"","background-media":"","overlay-type":"","overlay-color":"","overlay-opacity":"","overlay-gradient":""}}},"product_brand":[],"product_cat":[24,63,96,95,147],"product_tag":[],"class_list":{"0":"post-1994","1":"product","2":"type-product","3":"status-publish","4":"has-post-thumbnail","6":"product_cat-kolczyki","7":"product_cat-kropla","8":"product_cat-pozlacane-srebro","9":"product_cat-srebro","10":"product_cat-szklo","11":"desktop-align-left","12":"tablet-align-left","13":"mobile-align-center","14":"ast-product-gallery-layout-vertical-slider","15":"ast-product-single-variable","16":"ast-product-tabs-layout-horizontal","18":"first","19":"instock","20":"shipping-taxable","21":"purchasable","22":"product-type-variable","23":"add-to-wishlist-before_image"},"yoast_head":"<!-- This site is optimized with the Yoast SEO plugin v27.3 - https:\/\/yoast.com\/product\/yoast-seo-wordpress\/ -->\n<title>QUATTRO \/ kolczyki \/ szk\u0142o i poz\u0142acane srebro - Magdalena Paszkiewicz<\/title>\n<meta name=\"robots\" content=\"index, follow, max-snippet:-1, max-image-preview:large, max-video-preview:-1\" \/>\n<link rel=\"canonical\" href=\"https:\/\/www.magdalenapaszkiewicz.com\/en\/product\/quattro-kolczyki-szklo-i-pozlacane-srebro\/\" \/>\n<meta property=\"og:locale\" content=\"en_GB\" \/>\n<meta property=\"og:type\" content=\"article\" \/>\n<meta property=\"og:title\" content=\"QUATTRO \/ kolczyki \/ szk\u0142o i poz\u0142acane srebro - Magdalena Paszkiewicz\" \/>\n<meta property=\"og:description\" content=\"&nbsp;  \u2013 r\u0119cznie wykonane kolczyki ze szklanymi elementami o\u00a0d\u0142ugo\u015bci +\/-\u00a01.8\u00a0cm \u2013 bi\u017cuteria jest wykonana ze srebra poz\u0142acana 24\u00a0karatowym z\u0142otem - kolczyki posiadaj\u0105 klasyczne, motylkowe zapi\u0119cie  &nbsp;\" \/>\n<meta property=\"og:url\" content=\"https:\/\/www.magdalenapaszkiewicz.com\/en\/product\/quattro-kolczyki-szklo-i-pozlacane-srebro\/\" \/>\n<meta property=\"og:site_name\" content=\"Magdalena Paszkiewicz\" \/>\n<meta property=\"article:publisher\" content=\"https:\/\/www.facebook.com\/MagdalenaPaszkiewiczJewellery\" \/>\n<meta property=\"article:modified_time\" content=\"2026-02-15T22:11:41+00:00\" \/>\n<meta property=\"og:image\" content=\"https:\/\/www.magdalenapaszkiewicz.com\/wp-content\/uploads\/2022\/12\/magdalena-paszkiewicz-packshot-59.jpg\" \/>\n\t<meta property=\"og:image:width\" content=\"941\" \/>\n\t<meta property=\"og:image:height\" content=\"1411\" \/>\n\t<meta property=\"og:image:type\" content=\"image\/jpeg\" \/>\n<meta name=\"twitter:card\" content=\"summary_large_image\" \/>\n<meta name=\"twitter:label1\" content=\"Estimated reading time\" \/>\n\t<meta name=\"twitter:data1\" content=\"1 minute\" \/>\n<script type=\"application\/ld+json\" class=\"yoast-schema-graph\">{\"@context\":\"https:\\\/\\\/schema.org\",\"@graph\":[{\"@type\":\"WebPage\",\"@id\":\"https:\\\/\\\/www.magdalenapaszkiewicz.com\\\/produkt\\\/quattro-kolczyki-szklo-i-pozlacane-srebro\\\/\",\"url\":\"https:\\\/\\\/www.magdalenapaszkiewicz.com\\\/produkt\\\/quattro-kolczyki-szklo-i-pozlacane-srebro\\\/\",\"name\":\"QUATTRO \\\/ kolczyki \\\/ szk\u0142o i poz\u0142acane srebro - Magdalena Paszkiewicz\",\"isPartOf\":{\"@id\":\"https:\\\/\\\/www.magdalenapaszkiewicz.com\\\/#website\"},\"primaryImageOfPage\":{\"@id\":\"https:\\\/\\\/www.magdalenapaszkiewicz.com\\\/produkt\\\/quattro-kolczyki-szklo-i-pozlacane-srebro\\\/#primaryimage\"},\"image\":{\"@id\":\"https:\\\/\\\/www.magdalenapaszkiewicz.com\\\/produkt\\\/quattro-kolczyki-szklo-i-pozlacane-srebro\\\/#primaryimage\"},\"thumbnailUrl\":\"https:\\\/\\\/www.magdalenapaszkiewicz.com\\\/wp-content\\\/uploads\\\/2022\\\/12\\\/magdalena-paszkiewicz-packshot-59.jpg\",\"datePublished\":\"2022-12-01T23:20:54+00:00\",\"dateModified\":\"2026-02-15T22:11:41+00:00\",\"breadcrumb\":{\"@id\":\"https:\\\/\\\/www.magdalenapaszkiewicz.com\\\/produkt\\\/quattro-kolczyki-szklo-i-pozlacane-srebro\\\/#breadcrumb\"},\"inLanguage\":\"en-GB\",\"potentialAction\":[{\"@type\":\"ReadAction\",\"target\":[\"https:\\\/\\\/www.magdalenapaszkiewicz.com\\\/produkt\\\/quattro-kolczyki-szklo-i-pozlacane-srebro\\\/\"]}]},{\"@type\":\"ImageObject\",\"inLanguage\":\"en-GB\",\"@id\":\"https:\\\/\\\/www.magdalenapaszkiewicz.com\\\/produkt\\\/quattro-kolczyki-szklo-i-pozlacane-srebro\\\/#primaryimage\",\"url\":\"https:\\\/\\\/www.magdalenapaszkiewicz.com\\\/wp-content\\\/uploads\\\/2022\\\/12\\\/magdalena-paszkiewicz-packshot-59.jpg\",\"contentUrl\":\"https:\\\/\\\/www.magdalenapaszkiewicz.com\\\/wp-content\\\/uploads\\\/2022\\\/12\\\/magdalena-paszkiewicz-packshot-59.jpg\",\"width\":941,\"height\":1411},{\"@type\":\"BreadcrumbList\",\"@id\":\"https:\\\/\\\/www.magdalenapaszkiewicz.com\\\/produkt\\\/quattro-kolczyki-szklo-i-pozlacane-srebro\\\/#breadcrumb\",\"itemListElement\":[{\"@type\":\"ListItem\",\"position\":1,\"name\":\"Strona g\u0142\u00f3wna\",\"item\":\"https:\\\/\\\/www.magdalenapaszkiewicz.com\\\/\"},{\"@type\":\"ListItem\",\"position\":2,\"name\":\"Sklep\",\"item\":\"https:\\\/\\\/www.magdalenapaszkiewicz.com\\\/pracownia-jubilerki\\\/\"},{\"@type\":\"ListItem\",\"position\":3,\"name\":\"QUATTRO \\\/ kolczyki \\\/ szk\u0142o i poz\u0142acane srebro\"}]},{\"@type\":\"WebSite\",\"@id\":\"https:\\\/\\\/www.magdalenapaszkiewicz.com\\\/#website\",\"url\":\"https:\\\/\\\/www.magdalenapaszkiewicz.com\\\/\",\"name\":\"Magdalena Paszkiewicz\",\"description\":\"Warsztaty \u015blubne, obr\u0105czki i pier\u015bcionki zar\u0119czynowe\",\"publisher\":{\"@id\":\"https:\\\/\\\/www.magdalenapaszkiewicz.com\\\/#organization\"},\"potentialAction\":[{\"@type\":\"SearchAction\",\"target\":{\"@type\":\"EntryPoint\",\"urlTemplate\":\"https:\\\/\\\/www.magdalenapaszkiewicz.com\\\/?s={search_term_string}\"},\"query-input\":{\"@type\":\"PropertyValueSpecification\",\"valueRequired\":true,\"valueName\":\"search_term_string\"}}],\"inLanguage\":\"en-GB\"},{\"@type\":\"Organization\",\"@id\":\"https:\\\/\\\/www.magdalenapaszkiewicz.com\\\/#organization\",\"name\":\"Magdalena Paszkiewicz\",\"url\":\"https:\\\/\\\/www.magdalenapaszkiewicz.com\\\/\",\"logo\":{\"@type\":\"ImageObject\",\"inLanguage\":\"en-GB\",\"@id\":\"https:\\\/\\\/www.magdalenapaszkiewicz.com\\\/#\\\/schema\\\/logo\\\/image\\\/\",\"url\":\"https:\\\/\\\/www.magdalenapaszkiewicz.com\\\/wp-content\\\/uploads\\\/2025\\\/09\\\/Magdalena_Paszkiewicz_logo_2025.webp\",\"contentUrl\":\"https:\\\/\\\/www.magdalenapaszkiewicz.com\\\/wp-content\\\/uploads\\\/2025\\\/09\\\/Magdalena_Paszkiewicz_logo_2025.webp\",\"width\":1216,\"height\":808,\"caption\":\"Magdalena Paszkiewicz\"},\"image\":{\"@id\":\"https:\\\/\\\/www.magdalenapaszkiewicz.com\\\/#\\\/schema\\\/logo\\\/image\\\/\"},\"sameAs\":[\"https:\\\/\\\/www.facebook.com\\\/MagdalenaPaszkiewiczJewellery\",\"https:\\\/\\\/www.instagram.com\\\/magdalenapaszkiewiczjewellery\\\/\",\"https:\\\/\\\/pl.pinterest.com\\\/MagdalenaPaszkiewiczJewellery\\\/_saved\\\/\",\"https:\\\/\\\/www.tiktok.com\\\/@magdalenapaszkiewicz\",\"https:\\\/\\\/www.threads.net\\\/@magdalenapaszkiewiczjewellery\"]}]}<\/script>\n<!-- \/ Yoast SEO plugin. -->","yoast_head_json":{"title":"QUATTRO \/ kolczyki \/ szk\u0142o i poz\u0142acane srebro - Magdalena Paszkiewicz","robots":{"index":"index","follow":"follow","max-snippet":"max-snippet:-1","max-image-preview":"max-image-preview:large","max-video-preview":"max-video-preview:-1"},"canonical":"https:\/\/www.magdalenapaszkiewicz.com\/en\/product\/quattro-kolczyki-szklo-i-pozlacane-srebro\/","og_locale":"en_GB","og_type":"article","og_title":"QUATTRO \/ kolczyki \/ szk\u0142o i poz\u0142acane srebro - Magdalena Paszkiewicz","og_description":"&nbsp;  \u2013 r\u0119cznie wykonane kolczyki ze szklanymi elementami o\u00a0d\u0142ugo\u015bci +\/-\u00a01.8\u00a0cm \u2013 bi\u017cuteria jest wykonana ze srebra poz\u0142acana 24\u00a0karatowym z\u0142otem - kolczyki posiadaj\u0105 klasyczne, motylkowe zapi\u0119cie  &nbsp;","og_url":"https:\/\/www.magdalenapaszkiewicz.com\/en\/product\/quattro-kolczyki-szklo-i-pozlacane-srebro\/","og_site_name":"Magdalena Paszkiewicz","article_publisher":"https:\/\/www.facebook.com\/MagdalenaPaszkiewiczJewellery","article_modified_time":"2026-02-15T22:11:41+00:00","og_image":[{"width":941,"height":1411,"url":"https:\/\/www.magdalenapaszkiewicz.com\/wp-content\/uploads\/2022\/12\/magdalena-paszkiewicz-packshot-59.jpg","type":"image\/jpeg"}],"twitter_card":"summary_large_image","twitter_misc":{"Estimated reading time":"1 minute"},"schema":{"@context":"https:\/\/schema.org","@graph":[{"@type":"WebPage","@id":"https:\/\/www.magdalenapaszkiewicz.com\/produkt\/quattro-kolczyki-szklo-i-pozlacane-srebro\/","url":"https:\/\/www.magdalenapaszkiewicz.com\/produkt\/quattro-kolczyki-szklo-i-pozlacane-srebro\/","name":"QUATTRO \/ kolczyki \/ szk\u0142o i poz\u0142acane srebro - Magdalena Paszkiewicz","isPartOf":{"@id":"https:\/\/www.magdalenapaszkiewicz.com\/#website"},"primaryImageOfPage":{"@id":"https:\/\/www.magdalenapaszkiewicz.com\/produkt\/quattro-kolczyki-szklo-i-pozlacane-srebro\/#primaryimage"},"image":{"@id":"https:\/\/www.magdalenapaszkiewicz.com\/produkt\/quattro-kolczyki-szklo-i-pozlacane-srebro\/#primaryimage"},"thumbnailUrl":"https:\/\/www.magdalenapaszkiewicz.com\/wp-content\/uploads\/2022\/12\/magdalena-paszkiewicz-packshot-59.jpg","datePublished":"2022-12-01T23:20:54+00:00","dateModified":"2026-02-15T22:11:41+00:00","breadcrumb":{"@id":"https:\/\/www.magdalenapaszkiewicz.com\/produkt\/quattro-kolczyki-szklo-i-pozlacane-srebro\/#breadcrumb"},"inLanguage":"en-GB","potentialAction":[{"@type":"ReadAction","target":["https:\/\/www.magdalenapaszkiewicz.com\/produkt\/quattro-kolczyki-szklo-i-pozlacane-srebro\/"]}]},{"@type":"ImageObject","inLanguage":"en-GB","@id":"https:\/\/www.magdalenapaszkiewicz.com\/produkt\/quattro-kolczyki-szklo-i-pozlacane-srebro\/#primaryimage","url":"https:\/\/www.magdalenapaszkiewicz.com\/wp-content\/uploads\/2022\/12\/magdalena-paszkiewicz-packshot-59.jpg","contentUrl":"https:\/\/www.magdalenapaszkiewicz.com\/wp-content\/uploads\/2022\/12\/magdalena-paszkiewicz-packshot-59.jpg","width":941,"height":1411},{"@type":"BreadcrumbList","@id":"https:\/\/www.magdalenapaszkiewicz.com\/produkt\/quattro-kolczyki-szklo-i-pozlacane-srebro\/#breadcrumb","itemListElement":[{"@type":"ListItem","position":1,"name":"Strona g\u0142\u00f3wna","item":"https:\/\/www.magdalenapaszkiewicz.com\/"},{"@type":"ListItem","position":2,"name":"Sklep","item":"https:\/\/www.magdalenapaszkiewicz.com\/pracownia-jubilerki\/"},{"@type":"ListItem","position":3,"name":"QUATTRO \/ kolczyki \/ szk\u0142o i poz\u0142acane srebro"}]},{"@type":"WebSite","@id":"https:\/\/www.magdalenapaszkiewicz.com\/#website","url":"https:\/\/www.magdalenapaszkiewicz.com\/","name":"Magdalena Paszkiewicz","description":"Warsztaty \u015blubne, obr\u0105czki i pier\u015bcionki zar\u0119czynowe","publisher":{"@id":"https:\/\/www.magdalenapaszkiewicz.com\/#organization"},"potentialAction":[{"@type":"SearchAction","target":{"@type":"EntryPoint","urlTemplate":"https:\/\/www.magdalenapaszkiewicz.com\/?s={search_term_string}"},"query-input":{"@type":"PropertyValueSpecification","valueRequired":true,"valueName":"search_term_string"}}],"inLanguage":"en-GB"},{"@type":"Organization","@id":"https:\/\/www.magdalenapaszkiewicz.com\/#organization","name":"Magdalena Paszkiewicz","url":"https:\/\/www.magdalenapaszkiewicz.com\/","logo":{"@type":"ImageObject","inLanguage":"en-GB","@id":"https:\/\/www.magdalenapaszkiewicz.com\/#\/schema\/logo\/image\/","url":"https:\/\/www.magdalenapaszkiewicz.com\/wp-content\/uploads\/2025\/09\/Magdalena_Paszkiewicz_logo_2025.webp","contentUrl":"https:\/\/www.magdalenapaszkiewicz.com\/wp-content\/uploads\/2025\/09\/Magdalena_Paszkiewicz_logo_2025.webp","width":1216,"height":808,"caption":"Magdalena Paszkiewicz"},"image":{"@id":"https:\/\/www.magdalenapaszkiewicz.com\/#\/schema\/logo\/image\/"},"sameAs":["https:\/\/www.facebook.com\/MagdalenaPaszkiewiczJewellery","https:\/\/www.instagram.com\/magdalenapaszkiewiczjewellery\/","https:\/\/pl.pinterest.com\/MagdalenaPaszkiewiczJewellery\/_saved\/","https:\/\/www.tiktok.com\/@magdalenapaszkiewicz","https:\/\/www.threads.net\/@magdalenapaszkiewiczjewellery"]}]}},"_links":{"self":[{"href":"https:\/\/www.magdalenapaszkiewicz.com\/en\/wp-json\/wp\/v2\/product\/1994","targetHints":{"allow":["GET"]}}],"collection":[{"href":"https:\/\/www.magdalenapaszkiewicz.com\/en\/wp-json\/wp\/v2\/product"}],"about":[{"href":"https:\/\/www.magdalenapaszkiewicz.com\/en\/wp-json\/wp\/v2\/types\/product"}],"wp:featuredmedia":[{"embeddable":true,"href":"https:\/\/www.magdalenapaszkiewicz.com\/en\/wp-json\/wp\/v2\/media\/1995"}],"wp:attachment":[{"href":"https:\/\/www.magdalenapaszkiewicz.com\/en\/wp-json\/wp\/v2\/media?parent=1994"}],"wp:term":[{"taxonomy":"product_brand","embeddable":true,"href":"https:\/\/www.magdalenapaszkiewicz.com\/en\/wp-json\/wp\/v2\/product_brand?post=1994"},{"taxonomy":"product_cat","embeddable":true,"href":"https:\/\/www.magdalenapaszkiewicz.com\/en\/wp-json\/wp\/v2\/product_cat?post=1994"},{"taxonomy":"product_tag","embeddable":true,"href":"https:\/\/www.magdalenapaszkiewicz.com\/en\/wp-json\/wp\/v2\/product_tag?post=1994"}],"curies":[{"name":"wp","href":"https:\/\/api.w.org\/{rel}","templated":true}]}}